{"id":3,"date":"2025-12-24T14:06:56","date_gmt":"2025-12-24T14:06:56","guid":{"rendered":"https:\/\/atlas-tawada.com\/?page_id=3"},"modified":"2026-02-15T13:44:50","modified_gmt":"2026-02-15T13:44:50","slug":"privacy-policy","status":"publish","type":"page","link":"https:\/\/atlas-tawada.com\/en\/privacy-policy\/","title":{"rendered":"Privacy Policy"},"content":{"rendered":"<div data-elementor-type=\"wp-page\" data-elementor-id=\"3\" class=\"elementor elementor-3\" data-elementor-post-type=\"page\">\n\t\t\t\t<div class=\"elementor-element elementor-element-619f6606 e-flex e-con-boxed e-con e-parent\" data-id=\"619f6606\" data-element_type=\"container\" data-e-type=\"container\">\n\t\t\t\t\t<div class=\"e-con-inner\">\n\t\t\t\t<div class=\"elementor-element elementor-element-5c1504c0 elementor-widget elementor-widget-text-editor\" data-id=\"5c1504c0\" data-element_type=\"widget\" data-e-type=\"widget\" data-widget_type=\"text-editor.default\">\n\t\t\t\t\t\t\t\t\t<p style=\"color: #000000; font-size: medium;\" data-start=\"68\" data-end=\"189\">Chez <strong data-start=\"73\" data-end=\"90\">Atlasc Tawada<\/strong>, nous respectons votre vie priv\u00e9e et nous nous engageons \u00e0 prot\u00e9ger vos informations personnelles.<\/p><p style=\"color: #000000; font-size: medium;\" data-start=\"191\" data-end=\"354\"><strong data-start=\"191\" data-end=\"230\">1. Informations que nous collectons<\/strong><br data-start=\"230\" data-end=\"233\" \/>Lorsque vous remplissez un formulaire de r\u00e9servation ou de contact, nous pouvons collecter les informations suivantes :<\/p><ul style=\"color: #000000; font-size: medium;\" data-start=\"356\" data-end=\"518\"><li data-start=\"356\" data-end=\"371\"><p data-start=\"358\" data-end=\"371\">Nom complet<\/p><\/li><li data-start=\"372\" data-end=\"390\"><p data-start=\"374\" data-end=\"390\">Adresse e-mail<\/p><\/li><li data-start=\"391\" data-end=\"414\"><p data-start=\"393\" data-end=\"414\">Num\u00e9ro de t\u00e9l\u00e9phone<\/p><\/li><li data-start=\"415\" data-end=\"449\"><p data-start=\"417\" data-end=\"449\">Pr\u00e9f\u00e9rences de voyage et dates<\/p><\/li><li data-start=\"450\" data-end=\"518\"><p data-start=\"452\" data-end=\"518\">Toute information suppl\u00e9mentaire que vous choisissez de partager<\/p><\/li><\/ul><p style=\"color: #000000; font-size: medium;\" data-start=\"520\" data-end=\"620\"><strong data-start=\"520\" data-end=\"566\">2. Comment nous utilisons vos informations<\/strong><br data-start=\"566\" data-end=\"569\" \/>Nous utilisons vos informations uniquement pour :<\/p><ul style=\"color: #000000; font-size: medium;\" data-start=\"622\" data-end=\"770\"><li data-start=\"622\" data-end=\"660\"><p data-start=\"624\" data-end=\"660\">Traiter et g\u00e9rer votre r\u00e9servation<\/p><\/li><li data-start=\"661\" data-end=\"720\"><p data-start=\"663\" data-end=\"720\">Vous contacter concernant votre voyage ou votre demande<\/p><\/li><li data-start=\"721\" data-end=\"770\"><p data-start=\"723\" data-end=\"770\">Am\u00e9liorer nos services et l\u2019exp\u00e9rience client<\/p><\/li><\/ul><p style=\"color: #000000; font-size: medium;\" data-start=\"772\" data-end=\"879\">Nous ne vendons, ne louons ni ne partageons vos donn\u00e9es personnelles avec des tiers \u00e0 des fins marketing.<\/p><p style=\"color: #000000; font-size: medium;\" data-start=\"881\" data-end=\"1065\"><strong data-start=\"881\" data-end=\"910\">3. Protection des donn\u00e9es<\/strong><br data-start=\"910\" data-end=\"913\" \/>Nous prenons des mesures de s\u00e9curit\u00e9 appropri\u00e9es pour prot\u00e9ger vos donn\u00e9es personnelles contre tout acc\u00e8s non autoris\u00e9, perte ou mauvaise utilisation.<\/p><p style=\"color: #000000; font-size: medium;\" data-start=\"1067\" data-end=\"1301\"><strong data-start=\"1067\" data-end=\"1093\">4. Partage des donn\u00e9es<\/strong><br data-start=\"1093\" data-end=\"1096\" \/>Vos informations ne peuvent \u00eatre partag\u00e9es qu\u2019avec des partenaires de confiance (tels que des guides ou des prestataires d\u2019h\u00e9bergement) uniquement lorsque cela est n\u00e9cessaire pour organiser votre voyage.<\/p><p style=\"color: #000000; font-size: medium;\" data-start=\"1303\" data-end=\"1348\"><strong data-start=\"1303\" data-end=\"1320\">5. Vos droits<\/strong><br data-start=\"1320\" data-end=\"1323\" \/>Vous avez le droit de :<\/p><ul style=\"color: #000000; font-size: medium;\" data-start=\"1350\" data-end=\"1507\"><li data-start=\"1350\" data-end=\"1397\"><p data-start=\"1352\" data-end=\"1397\">Demander l\u2019acc\u00e8s \u00e0 vos donn\u00e9es personnelles<\/p><\/li><li data-start=\"1398\" data-end=\"1462\"><p data-start=\"1400\" data-end=\"1462\">Demander la correction ou la suppression de vos informations<\/p><\/li><li data-start=\"1463\" data-end=\"1507\"><p data-start=\"1465\" data-end=\"1507\">Retirer votre consentement \u00e0 tout moment<\/p><\/li><\/ul><p style=\"color: #000000; font-size: medium;\" data-start=\"1509\" data-end=\"1582\">Pour ce faire, veuillez nous contacter \u00e0 : <strong data-start=\"1552\" data-end=\"1580\"><a rel=\"noopener\" data-start=\"1554\" data-end=\"1578\">contact@atlas-tawada.com<\/a><\/strong><\/p><p style=\"color: #000000; font-size: medium;\" data-start=\"1584\" data-end=\"1774\"><strong data-start=\"1584\" data-end=\"1598\">6. Cookies<\/strong><br data-start=\"1598\" data-end=\"1601\" \/>Notre site web peut utiliser des cookies pour am\u00e9liorer l\u2019exp\u00e9rience utilisateur. Vous pouvez d\u00e9sactiver les cookies dans les param\u00e8tres de votre navigateur \u00e0 tout moment.<\/p><p style=\"color: #000000; font-size: medium;\" data-start=\"1776\" data-end=\"1938\"><strong data-start=\"1776\" data-end=\"1810\">7. Mise \u00e0 jour de la politique<\/strong><br data-start=\"1810\" data-end=\"1813\" \/>Cette politique de confidentialit\u00e9 peut \u00eatre mise \u00e0 jour occasionnellement. Toute modification sera publi\u00e9e sur cette page.<\/p><p style=\"color: #000000; font-size: medium;\" data-start=\"1940\" data-end=\"2098\"><strong data-start=\"1940\" data-end=\"1961\">8. Contactez-nous<\/strong><br data-start=\"1961\" data-end=\"1964\" \/>Si vous avez des questions concernant cette politique de confidentialit\u00e9, veuillez nous contacter \u00e0 : contact@atlas-tawada.com<\/p>\t\t\t\t\t\t\t\t<\/div>\n\t\t\t\t\t<\/div>\n\t\t\t\t<\/div>\n\t\t\t\t<\/div>","protected":false},"excerpt":{"rendered":"<p>Chez Atlasc Tawada, nous respectons votre vie priv\u00e9e et nous nous engageons \u00e0 prot\u00e9ger vos informations personnelles. 1. Informations que nous collectonsLorsque vous remplissez un formulaire de r\u00e9servation ou de contact, nous pouvons collecter les informations suivantes : Nom complet Adresse e-mail Num\u00e9ro de t\u00e9l\u00e9phone Pr\u00e9f\u00e9rences de voyage et dates Toute information suppl\u00e9mentaire que vous [&hellip;]<\/p>","protected":false},"author":1,"featured_media":0,"parent":0,"menu_order":0,"comment_status":"closed","ping_status":"open","template":"","meta":{"footnotes":""},"class_list":["post-3","page","type-page","status-publish","hentry"],"_links":{"self":[{"href":"https:\/\/atlas-tawada.com\/en\/wp-json\/wp\/v2\/pages\/3","targetHints":{"allow":["GET"]}}],"collection":[{"href":"https:\/\/atlas-tawada.com\/en\/wp-json\/wp\/v2\/pages"}],"about":[{"href":"https:\/\/atlas-tawada.com\/en\/wp-json\/wp\/v2\/types\/page"}],"author":[{"embeddable":true,"href":"https:\/\/atlas-tawada.com\/en\/wp-json\/wp\/v2\/users\/1"}],"replies":[{"embeddable":true,"href":"https:\/\/atlas-tawada.com\/en\/wp-json\/wp\/v2\/comments?post=3"}],"version-history":[{"count":12,"href":"https:\/\/atlas-tawada.com\/en\/wp-json\/wp\/v2\/pages\/3\/revisions"}],"predecessor-version":[{"id":1486,"href":"https:\/\/atlas-tawada.com\/en\/wp-json\/wp\/v2\/pages\/3\/revisions\/1486"}],"wp:attachment":[{"href":"https:\/\/atlas-tawada.com\/en\/wp-json\/wp\/v2\/media?parent=3"}],"curies":[{"name":"wp","href":"https:\/\/api.w.org\/{rel}","templated":true}]}}