{"id":53,"date":"2025-12-24T16:15:05","date_gmt":"2025-12-24T16:15:05","guid":{"rendered":"https:\/\/atlas-tawada.com\/?page_id=53"},"modified":"2026-02-04T14:10:07","modified_gmt":"2026-02-04T14:10:07","slug":"qui-sommes-nous","status":"publish","type":"page","link":"https:\/\/atlas-tawada.com\/en\/qui-sommes-nous\/","title":{"rendered":"Qui Sommes Nous"},"content":{"rendered":"<div data-elementor-type=\"wp-page\" data-elementor-id=\"53\" class=\"elementor elementor-53\" data-elementor-post-type=\"page\">\n\t\t\t\t<div class=\"elementor-element elementor-element-9527d62 e-con-full e-flex e-con e-parent\" data-id=\"9527d62\" data-element_type=\"container\" data-e-type=\"container\">\n\t\t<div class=\"elementor-element elementor-element-dad9da2 e-con-full e-flex e-con e-child\" data-id=\"dad9da2\" data-element_type=\"container\" data-e-type=\"container\">\n\t\t\t\t<div class=\"elementor-element elementor-element-ef7de14 elementor-widget elementor-widget-heading\" data-id=\"ef7de14\" data-element_type=\"widget\" data-e-type=\"widget\" data-widget_type=\"heading.default\">\n\t\t\t\t\t<h2 class=\"elementor-heading-title elementor-size-default\">Samir le fondateur<\/h2>\t\t\t\t<\/div>\n\t\t\t\t<div class=\"elementor-element elementor-element-8054ef6 elementor-widget-divider--view-line elementor-widget elementor-widget-divider\" data-id=\"8054ef6\" data-element_type=\"widget\" data-e-type=\"widget\" data-widget_type=\"divider.default\">\n\t\t\t\t\t\t\t<div class=\"elementor-divider\">\n\t\t\t<span class=\"elementor-divider-separator\">\n\t\t\t\t\t\t<\/span>\n\t\t<\/div>\n\t\t\t\t\t\t<\/div>\n\t\t\t\t<div class=\"elementor-element elementor-element-a82b478 elementor-widget elementor-widget-text-editor\" data-id=\"a82b478\" data-element_type=\"widget\" data-e-type=\"widget\" data-widget_type=\"text-editor.default\">\n\t\t\t\t\t\t\t\t\t<p>Apr\u00e8s avoir guid\u00e9 pendant des ann\u00e9es des voyageurs \u00e0 travers les montagnes du Maroc pour le compte d&rsquo;agences de voyage de premier plan, <strong>Samir Imharken<\/strong> a choisi de tracer sa propre voie. Son objectif \u00e9tait simple : proposer des exp\u00e9riences de voyage honn\u00eates et transparentes qui placent v\u00e9ritablement les clients au premier plan.<\/p><p>Avec des organisations locale et familiale profond\u00e9ment attach\u00e9e aux r\u00e9gions que nous explorons. Notre pr\u00e9sence sur le terrain nous permet de partager des exp\u00e9riences authentiques et des connaissances locales<\/p><p>&#8212;&#8212;&#8212;&#8212;&#8212;&#8212;&#8212;&#8212;&#8212;&#8212;&#8212;&#8212;&#8212;&#8212;&#8212;&#8212;&#8212;&#8212;&#8212;&#8212;&#8212;&#8212;&#8212;&#8212;&#8212;&#8212;&#8212;&#8212;&#8212;&#8212;&#8212;&#8212;&#8212;&#8212;&#8212;-<\/p><p><b>Tawada Atlas \u2013 Treks &amp; aventures<\/b> authentiques au Maroc<\/p><p>D\u00e9couvrez le Maroc autrement avec Tawada Atlas, une agence locale sp\u00e9cialis\u00e9e dans les treks dans le Haut Atlas, les randonn\u00e9es culturelles et les voyages nature sur mesure. Accompagn\u00e9 par des guides locaux certifi\u00e9s, partez \u00e0 la rencontre des montagnes berb\u00e8res, des vall\u00e9es verdoyantes, des sommets majestueux et des paysages d\u00e9sertiques du Maroc.<\/p><p>Nos circuits sont con\u00e7us pour les aventuriers, les familles, les groupes et les voyageurs en qu\u00eate d\u2019authenticit\u00e9, avec une attention particuli\u00e8re port\u00e9e \u00e0 la s\u00e9curit\u00e9, au confort et \u00e0 l\u2019exp\u00e9rience humaine.<\/p><p><span style=\"font-size: 1rem;\">\u00a0D\u00e9parts depuis Marrakech<\/span><\/p><p><span style=\"font-size: 1rem;\">\u00a0Tous niveaux \u2013 du d\u00e9butant au sportif<\/span><\/p><p><span style=\"font-size: 1rem;\">\u00a0Voyages responsables et solidaires<\/span><\/p>\t\t\t\t\t\t\t\t<\/div>\n\t\t\t\t<\/div>\n\t\t<div class=\"elementor-element elementor-element-522a58f e-con-full e-flex e-con e-child\" data-id=\"522a58f\" data-element_type=\"container\" data-e-type=\"container\">\n\t\t\t\t<div class=\"elementor-element elementor-element-9aeba8c elementor-widget elementor-widget-image\" data-id=\"9aeba8c\" data-element_type=\"widget\" data-e-type=\"widget\" data-widget_type=\"image.default\">\n\t\t\t\t\t\t\t\t\t\t\t\t\t\t\t<img fetchpriority=\"high\" decoding=\"async\" width=\"1220\" height=\"928\" src=\"https:\/\/atlas-tawada.com\/wp-content\/uploads\/2026\/01\/WhatsApp-Image-2026-01-02-at-12.53.39.jpeg\" class=\"attachment-full size-full wp-image-995\" alt=\"\" srcset=\"https:\/\/atlas-tawada.com\/wp-content\/uploads\/2026\/01\/WhatsApp-Image-2026-01-02-at-12.53.39.jpeg 1220w, https:\/\/atlas-tawada.com\/wp-content\/uploads\/2026\/01\/WhatsApp-Image-2026-01-02-at-12.53.39-300x228.jpeg 300w, https:\/\/atlas-tawada.com\/wp-content\/uploads\/2026\/01\/WhatsApp-Image-2026-01-02-at-12.53.39-1024x779.jpeg 1024w, https:\/\/atlas-tawada.com\/wp-content\/uploads\/2026\/01\/WhatsApp-Image-2026-01-02-at-12.53.39-768x584.jpeg 768w\" sizes=\"(max-width: 1220px) 100vw, 1220px\" \/>\t\t\t\t\t\t\t\t\t\t\t\t\t\t\t<\/div>\n\t\t\t\t<\/div>\n\t\t\t\t<\/div>\n\t\t<div class=\"elementor-element elementor-element-7vctmmx e-con-full e-flex e-con e-parent\" data-id=\"7vctmmx\" data-element_type=\"container\" data-e-type=\"container\" data-settings=\"{&quot;background_background&quot;:&quot;classic&quot;}\">\n\t\t<div class=\"elementor-element elementor-element-c48d12f e-con-full e-flex e-con e-child\" data-id=\"c48d12f\" data-element_type=\"container\" data-e-type=\"container\">\n\t\t\t\t<div class=\"elementor-element elementor-element-491f841 elementor-widget elementor-widget-heading\" data-id=\"491f841\" data-element_type=\"widget\" data-e-type=\"widget\" data-widget_type=\"heading.default\">\n\t\t\t\t\t<h4 class=\"elementor-heading-title elementor-size-default\"><p style=\"margin-block-end: 0px;font-size: 19px\"><b>Pourquoi choisir Tawada Atlas ?<\/b><\/p><div><b><span style=\"font-size: 1.5rem\"><\/span><\/b><\/div><\/h4>\t\t\t\t<\/div>\n\t\t\t\t<div class=\"elementor-element elementor-element-7beb61e elementor-widget-divider--view-line elementor-widget elementor-widget-divider\" data-id=\"7beb61e\" data-element_type=\"widget\" data-e-type=\"widget\" data-widget_type=\"divider.default\">\n\t\t\t\t\t\t\t<div class=\"elementor-divider\">\n\t\t\t<span class=\"elementor-divider-separator\">\n\t\t\t\t\t\t<\/span>\n\t\t<\/div>\n\t\t\t\t\t\t<\/div>\n\t\t\t\t<div class=\"elementor-element elementor-element-c5cd51e elementor-widget elementor-widget-text-editor\" data-id=\"c5cd51e\" data-element_type=\"widget\" data-e-type=\"widget\" data-widget_type=\"text-editor.default\">\n\t\t\t\t\t\t\t\t\t<ul><li>\u00a0Guide touristique officiel et \u00e9quipe locale exp\u00e9riment\u00e9e<\/li><li>\u00a0Circuits personnalis\u00e9s selon votre niveau et vos envies<\/li><li>\u00a0D\u00e9couverte authentique des villages berb\u00e8res<\/li><li>\u00a0Logistique compl\u00e8te : mulets, cuisine, h\u00e9bergement<\/li><li>\u00a0Excellent rapport qualit\u00e9-prix<\/li><li>\u00a0Assistance avant, pendant et apr\u00e8s votre voyage<\/li><\/ul>\t\t\t\t\t\t\t\t<\/div>\n\t\t\t\t<\/div>\n\t\t<div class=\"elementor-element elementor-element-d47d4cd e-con-full e-flex e-con e-child\" data-id=\"d47d4cd\" data-element_type=\"container\" data-e-type=\"container\">\n\t\t\t\t<div class=\"elementor-element elementor-element-bf795e2 elementor-widget elementor-widget-heading\" data-id=\"bf795e2\" data-element_type=\"widget\" data-e-type=\"widget\" data-widget_type=\"heading.default\">\n\t\t\t\t\t<h4 class=\"elementor-heading-title elementor-size-default\"><b>Nos valeurs fondamentales<\/b><\/h4>\t\t\t\t<\/div>\n\t\t\t\t<div class=\"elementor-element elementor-element-ae16dd8 elementor-widget-divider--view-line elementor-widget elementor-widget-divider\" data-id=\"ae16dd8\" data-element_type=\"widget\" data-e-type=\"widget\" data-widget_type=\"divider.default\">\n\t\t\t\t\t\t\t<div class=\"elementor-divider\">\n\t\t\t<span class=\"elementor-divider-separator\">\n\t\t\t\t\t\t<\/span>\n\t\t<\/div>\n\t\t\t\t\t\t<\/div>\n\t\t\t\t<div class=\"elementor-element elementor-element-8c4a333 elementor-widget__width-initial elementor-widget elementor-widget-text-editor\" data-id=\"8c4a333\" data-element_type=\"widget\" data-e-type=\"widget\" data-widget_type=\"text-editor.default\">\n\t\t\t\t\t\t\t\t\t<ul><li><strong>Authenticit\u00e9 : <\/strong>Nous croyons aux exp\u00e9riences authentiques ancr\u00e9es dans la culture\u00a0 \u00a0locale, les traditions et la vie quotidienne.<\/li><li><strong>Respect : <\/strong>Nous respectons les communaut\u00e9s locales, le patrimoine culturel, la nature\u00a0 \u00a0et les personnes avec lesquelles nous travaillons et que nous accueillons.<\/li><li><strong>Relations humaines : <\/strong>Le voyage est avant tout une question de rencontres humaines.\u00a0 \u00a0 \u00a0Nous accordons une grande importance aux rencontres authentiques et aux relations\u00a0 \u00a0enrichissantes.<\/li><li><strong>Engagement local : <\/strong>En tant qu&rsquo;organisation familiale locale, nous sommes\u00a0 \u00a0profond\u00e9ment attach\u00e9s aux r\u00e9gions que nous explorons et soutenons les\u00a0 \u00a0communaut\u00e9s\u00a0 \u00a0concern\u00e9es.<\/li><li><strong>Qualit\u00e9 et attention : <\/strong>Nous accordons une attention particuli\u00e8re \u00e0 chaque d\u00e9tail afin de\u00a0 \u00a0garantir des exp\u00e9riences s\u00fbres, confortables et de grande qualit\u00e9.<\/li><li><strong>Responsabilit\u00e9 :\u00a0 <\/strong>Nous encourageons un tourisme responsable qui prot\u00e8ge\u00a0 \u00a0l&rsquo;environnement et pr\u00e9serve le patrimoine culturel pour les g\u00e9n\u00e9rations futures.<\/li><\/ul>\t\t\t\t\t\t\t\t<\/div>\n\t\t\t\t<\/div>\n\t\t\t\t<\/div>\n\t\t<div class=\"elementor-element elementor-element-5f35cf20 e-flex e-con-boxed e-con e-parent\" data-id=\"5f35cf20\" data-element_type=\"container\" data-e-type=\"container\" id=\"xs_cta_style_16\">\n\t\t\t\t\t<div class=\"e-con-inner\">\n\t\t<div class=\"elementor-element elementor-element-1a5d7bef e-con-full e-flex e-con e-child\" data-id=\"1a5d7bef\" data-element_type=\"container\" data-e-type=\"container\">\n\t\t\t\t<div class=\"elementor-element elementor-element-1add7627 elementor-widget elementor-widget-elementskit-heading\" data-id=\"1add7627\" data-element_type=\"widget\" data-e-type=\"widget\" data-widget_type=\"elementskit-heading.default\">\n\t\t\t\t\t<div class=\"ekit-wid-con\" ><div class=\"ekit-heading elementskit-section-title-wraper text_left   ekit_heading_tablet-   ekit_heading_mobile-\"><h2 class=\"ekit-heading--title elementskit-section-title\">Cr\u00e9ons des souvenirs <span><span>inoubliables<\/span><\/span> <\/h2><\/div><\/div>\t\t\t\t<\/div>\n\t\t\t\t<div class=\"elementor-element elementor-element-24c45c95 elementor-align-right elementor-align--mobilecenter elementor-widget-tablet__width-inherit elementor-widget-mobile__width-auto elementor-widget elementor-widget-elementskit-button\" data-id=\"24c45c95\" data-element_type=\"widget\" data-e-type=\"widget\" data-widget_type=\"elementskit-button.default\">\n\t\t\t\t\t<div class=\"ekit-wid-con\" >\t\t<div class=\"ekit-btn-wraper\">\n\t\t\t\t\t\t\t<a href=\"#\" class=\"elementskit-btn  whitespace--normal\" id=\"\">\n\t\t\t\t\tCommencez votre voyage\t\t\t\t<\/a>\n\t\t\t\t\t<\/div>\n        <\/div>\t\t\t\t<\/div>\n\t\t\t\t<\/div>\n\t\t\t\t\t<\/div>\n\t\t\t\t<\/div>\n\t\t\t\t<\/div>","protected":false},"excerpt":{"rendered":"<p>Samir le fondateur Apr\u00e8s avoir guid\u00e9 pendant des ann\u00e9es des voyageurs \u00e0 travers les montagnes du Maroc pour le compte d&rsquo;agences de voyage de premier plan, Samir Imharken a choisi de tracer sa propre voie. Son objectif \u00e9tait simple : proposer des exp\u00e9riences de voyage honn\u00eates et transparentes qui placent v\u00e9ritablement les clients au premier [&hellip;]<\/p>","protected":false},"author":1,"featured_media":0,"parent":0,"menu_order":0,"comment_status":"closed","ping_status":"closed","template":"elementor_header_footer","meta":{"footnotes":""},"class_list":["post-53","page","type-page","status-publish","hentry"],"_links":{"self":[{"href":"https:\/\/atlas-tawada.com\/en\/wp-json\/wp\/v2\/pages\/53","targetHints":{"allow":["GET"]}}],"collection":[{"href":"https:\/\/atlas-tawada.com\/en\/wp-json\/wp\/v2\/pages"}],"about":[{"href":"https:\/\/atlas-tawada.com\/en\/wp-json\/wp\/v2\/types\/page"}],"author":[{"embeddable":true,"href":"https:\/\/atlas-tawada.com\/en\/wp-json\/wp\/v2\/users\/1"}],"replies":[{"embeddable":true,"href":"https:\/\/atlas-tawada.com\/en\/wp-json\/wp\/v2\/comments?post=53"}],"version-history":[{"count":82,"href":"https:\/\/atlas-tawada.com\/en\/wp-json\/wp\/v2\/pages\/53\/revisions"}],"predecessor-version":[{"id":1417,"href":"https:\/\/atlas-tawada.com\/en\/wp-json\/wp\/v2\/pages\/53\/revisions\/1417"}],"wp:attachment":[{"href":"https:\/\/atlas-tawada.com\/en\/wp-json\/wp\/v2\/media?parent=53"}],"curies":[{"name":"wp","href":"https:\/\/api.w.org\/{rel}","templated":true}]}}